{"id":434,"date":"2024-04-14T12:37:41","date_gmt":"2024-04-14T10:37:41","guid":{"rendered":"https:\/\/reikilahochi.com\/?page_id=434"},"modified":"2024-04-25T15:41:46","modified_gmt":"2024-04-25T13:41:46","slug":"differences-entre-reiki-et-lahochi","status":"publish","type":"page","link":"https:\/\/reikilahochi.com\/index.php\/differences-entre-reiki-et-lahochi\/","title":{"rendered":"Diff\u00e9rences Reiki \/ LaHoChi"},"content":{"rendered":"\n<h2 class=\"wp-block-heading\"><br>Le Reiki et le Lahochi sont deux m\u00e9thodes de gu\u00e9rison \u00e9nerg\u00e9tique qui partagent des similitudes mais qui pr\u00e9sentent \u00e9galement des diff\u00e9rences significatives. Le reiki, technique \u00e9nerg\u00e9tique japonaise, d\u00e9velopp\u00e9e au d\u00e9but du 20\u00e8me si\u00e8cle. Le LaHoChi est une technique \u00e9nerg\u00e9tique plus r\u00e9cente.<\/h2>\n\n\n\n<h2 class=\"wp-block-heading\"><span style=\"text-decoration: underline;\">Pratiques : <\/span><\/h2>\n\n\n\n<h2 class=\"wp-block-heading\">Ces 2 techniques, par imposition des mains (sur ou proche du corps du receveur), font appel \u00e0 une \u00e9nergie canalis\u00e9e dont l&#8217;objectif est l&#8217;harmonisation \u00e9nerg\u00e9tique dans l&#8217;ensemble de nos corps. Les praticiens doivent au pr\u00e9alable avoir eu une <strong>initiation par un ma\u00eetre praticien suivie d&#8217;une p\u00e9riode d&#8217;auto-traitement de 21 jours.<\/strong>, mais celle ci diff\u00e8re pour le Reiki o\u00f9 elle doit \u00eatre effectu\u00e9e en pr\u00e9sentiel avec le contact entre le maitre Reiki et le praticien en formation, alors que dans le cas du LaHoChi , l&#8217;initiation peut \u00eatre r\u00e9alis\u00e9e \u00e0 distance.<\/h2>\n\n\n\n<h2 class=\"wp-block-heading\">Le Reiki implique g\u00e9n\u00e9ralement le placement des mains du praticien sur ou pr\u00e8s du corps du receveur, pour canaliser l<strong>&#8216;\u00e9nergie universelle<\/strong> et aider \u00e0 r\u00e9tablir l&#8217;\u00e9quilibre \u00e9nerg\u00e9tique.<\/h2>\n\n\n\n<h2 class=\"wp-block-heading\">Le Lahochi utilise \u00e9galement le transfert d&#8217;\u00e9nergie par les mains, mais il se concentre sur des positions sp\u00e9cifiques le long du corps appel\u00e9es &#8220;portails&#8221;. Ces portails sont consid\u00e9r\u00e9s comme des points d&#8217;entr\u00e9e pour des <strong>fr\u00e9quences \u00e9nerg\u00e9tiques plus \u00e9lev\u00e9es.<\/strong><\/h2>\n\n\n\n<h2 class=\"wp-block-heading\">A la diff\u00e9rence du Reiki, la pri\u00e8re du LaHoChi pose imm\u00e9diatement un<strong> seau de protection <\/strong>autour du praticien et du receveur, qui permet de repousser les \u00e9nergies n\u00e9gatives et pr\u00e9server l&#8217;\u00e9nergie positive. Enfin le <strong>LaHoChi utilise l&#8217;\u00e9nergie universelle pour gu\u00e9rir le corps, l&#8217;esprit et l&#8217;\u00e2me, <\/strong>tandis que le Reiki se concentre sur la gu\u00e9rison du corps physique.<\/h2>\n\n\n\n<h2 class=\"wp-block-heading\"><span style=\"text-decoration: underline;\">Techniques :<\/span><\/h2>\n\n\n\n<h2 class=\"wp-block-heading\">D&#8217;un point de vue technique, le LaHoChi est plus simple car il n&#8217;y a qu&#8217;un seul niveau qui permet d&#8217;\u00eatre initi\u00e9 pratiquant et enseignant et ceci sans utilisation de symboles.<\/h2>\n\n\n\n<h2 class=\"wp-block-heading\">Dans le cas du <strong>Reiki, il existe 4 degr\u00e9s, avec 4 initiations diff\u00e9rentes. L&#8217;utilisation de symboles<\/strong>, permet d&#8217;augmenter l&#8217;intensit\u00e9 de l&#8217;\u00e9nergie ainsi que l&#8217;\u00e9tablissement d&#8217;une connexion au del\u00e0 de l&#8217;espace et du temps.<\/h2>\n\n\n\n<h2 class=\"wp-block-heading\">Que ce soit lors d&#8217;un soin ou d&#8217;un auto-traitement, les positions des mains ne sont pas les m\u00eames pour le LaHoChi et pour le Reiki.<\/h2>\n\n\n\n<h2 class=\"wp-block-heading\"><span style=\"text-decoration: underline;\">LaHoChi <\/span>: 6 positions sur le corps pour un soin ; 4 positions pour un auto-traitement<\/h2>\n\n\n\n<h2 class=\"wp-block-heading\"><span style=\"text-decoration: underline;\">Reiki <\/span>: 14 positions sur le corps ant\u00e9rieur, 11 positions sur le corps post\u00e9rieur ; 8 posItions seulement dans le cas d&#8217;un auto-traitement<\/h2>\n\n\n\n<h2 class=\"wp-block-heading\">Bien que le Reiki et le Lahochi partagent des fondements similaires en tant que m\u00e9thodes de gu\u00e9rison \u00e9nerg\u00e9tique, ils diff\u00e8rent dans leurs origines, leurs techniques sp\u00e9cifiques, leurs philosophies sous-jacentes et leurs applications pratiques. Elles peuvent \u00eatre compl\u00e9mentaires dans le chemin de vie que nous empruntons.<\/h2>\n\n\n\n<h2 class=\"wp-block-heading\">Le Reiki et le LaHoChi sont des techniques qui ne se substituent en aucun cas d&#8217;un avis m\u00e9dical.<\/h2>\n\n\n\n<h2 class=\"wp-block-heading\"><\/h2>\n","protected":false},"excerpt":{"rendered":"<p>Le Reiki et le Lahochi sont deux m\u00e9thodes de gu\u00e9rison \u00e9nerg\u00e9tique qui partagent des similitudes mais qui pr\u00e9sentent \u00e9galement des diff\u00e9rences significatives. Le reiki, technique \u00e9nerg\u00e9tique japonaise, d\u00e9velopp\u00e9e au d\u00e9but du 20\u00e8me si\u00e8cle. Le LaHoChi est une technique \u00e9nerg\u00e9tique plus r\u00e9cente. Pratiques : Ces 2 techniques, par imposition des mains (sur ou proche du corps &hellip; <\/p>\n<p class=\"link-more\"><a href=\"https:\/\/reikilahochi.com\/index.php\/differences-entre-reiki-et-lahochi\/\" class=\"more-link\">Continuer la lecture<span class=\"screen-reader-text\"> de &laquo;&nbsp;Diff\u00e9rences Reiki \/ LaHoChi&nbsp;&raquo;<\/span><\/a><\/p>\n","protected":false},"author":1,"featured_media":0,"parent":0,"menu_order":0,"comment_status":"closed","ping_status":"closed","template":"","meta":{"footnotes":""},"class_list":["post-434","page","type-page","status-publish","hentry"],"jetpack_sharing_enabled":true,"_links":{"self":[{"href":"https:\/\/reikilahochi.com\/index.php\/wp-json\/wp\/v2\/pages\/434","targetHints":{"allow":["GET"]}}],"collection":[{"href":"https:\/\/reikilahochi.com\/index.php\/wp-json\/wp\/v2\/pages"}],"about":[{"href":"https:\/\/reikilahochi.com\/index.php\/wp-json\/wp\/v2\/types\/page"}],"author":[{"embeddable":true,"href":"https:\/\/reikilahochi.com\/index.php\/wp-json\/wp\/v2\/users\/1"}],"replies":[{"embeddable":true,"href":"https:\/\/reikilahochi.com\/index.php\/wp-json\/wp\/v2\/comments?post=434"}],"version-history":[{"count":22,"href":"https:\/\/reikilahochi.com\/index.php\/wp-json\/wp\/v2\/pages\/434\/revisions"}],"predecessor-version":[{"id":646,"href":"https:\/\/reikilahochi.com\/index.php\/wp-json\/wp\/v2\/pages\/434\/revisions\/646"}],"wp:attachment":[{"href":"https:\/\/reikilahochi.com\/index.php\/wp-json\/wp\/v2\/media?parent=434"}],"curies":[{"name":"wp","href":"https:\/\/api.w.org\/{rel}","templated":true}]}}