{"id":211,"date":"2024-03-25T19:16:23","date_gmt":"2024-03-25T18:16:23","guid":{"rendered":"https:\/\/reikilahochi.com\/?post_type=product&#038;p=211"},"modified":"2024-04-21T16:20:23","modified_gmt":"2024-04-21T14:20:23","slug":"circulation-jambes-lourdes-he","status":"publish","type":"product","link":"https:\/\/reikilahochi.com\/index.php\/produit\/circulation-jambes-lourdes-he\/","title":{"rendered":"Circulation jambes lourdes (HE)"},"content":{"rendered":"<p>Offrez \u00e0 vos jambes le soulagement qu&#8217;elles m\u00e9ritent avec notre m\u00e9lange d&#8217;huiles sp\u00e9cialement con\u00e7u pour am\u00e9liorer la circulation et soulager les sensations de jambes lourdes.<\/p>\n<p>Que vous soyez sujet aux jambes fatigu\u00e9es apr\u00e8s une longue journ\u00e9e ou que vous souhaitiez soulager les sympt\u00f4mes d&#8217;une circulation alt\u00e9r\u00e9e, notre synergie d&#8217;huiles sera votre alli\u00e9e naturelle pour retrouver confort et bien \u00eatre.<br \/>\n Ce m\u00e9lange, une fusion d&#8217;huiles aux propri\u00e9t\u00e9s circulatoires et tonifiantes, pour r\u00e9duire l&#8217;inflammation et soulager les sensations de lourdeur.<\/p>\n<p>Red\u00e9couvrez le plaisir de bouger en toute aisance avec cette huile fabuleuse.<\/p>\n<p>Huiles essentielles 100% naturelles. Usage externe application locale. Ne pas avaler<br \/>\nNe pas utiliser chez la femme enceinte et chez l&#8217;enfant < 7 ans.\n\nConserver \u00e0 l'abri de la chaleur et de la lumi\u00e8re\nFlacon brun 10 ml.\n\n\n<\/p>\n","protected":false},"excerpt":{"rendered":"<p>Offrez \u00e0 vos jambes le soulagement qu&#8217;elles m\u00e9ritent avec notre m\u00e9lange d&#8217;huiles sp\u00e9cialement con\u00e7u pour am\u00e9liorer la circulation et soulager les sensations de jambes lourdes. Que vous soyez sujet aux jambes fatigu\u00e9es apr\u00e8s une longue journ\u00e9e ou que vous souhaitiez soulager les sympt\u00f4mes d&#8217;une circulation alt\u00e9r\u00e9e, notre synergie d&#8217;huiles sera votre alli\u00e9e naturelle pour retrouver &hellip; <\/p>\n<p class=\"link-more\"><a href=\"https:\/\/reikilahochi.com\/index.php\/produit\/circulation-jambes-lourdes-he\/\" class=\"more-link\">Continuer la lecture<span class=\"screen-reader-text\"> de &laquo;&nbsp;Circulation jambes lourdes (HE)&nbsp;&raquo;<\/span><\/a><\/p>\n","protected":false},"featured_media":316,"template":"","meta":[],"product_cat":[31],"product_tag":[],"class_list":{"0":"post-211","1":"product","2":"type-product","3":"status-publish","4":"has-post-thumbnail","6":"product_cat-melanges-dhuiles","8":"first","9":"instock","10":"taxable","11":"shipping-taxable","12":"purchasable","13":"product-type-simple"},"jetpack_sharing_enabled":true,"_links":{"self":[{"href":"https:\/\/reikilahochi.com\/index.php\/wp-json\/wp\/v2\/product\/211","targetHints":{"allow":["GET"]}}],"collection":[{"href":"https:\/\/reikilahochi.com\/index.php\/wp-json\/wp\/v2\/product"}],"about":[{"href":"https:\/\/reikilahochi.com\/index.php\/wp-json\/wp\/v2\/types\/product"}],"wp:featuredmedia":[{"embeddable":true,"href":"https:\/\/reikilahochi.com\/index.php\/wp-json\/wp\/v2\/media\/316"}],"wp:attachment":[{"href":"https:\/\/reikilahochi.com\/index.php\/wp-json\/wp\/v2\/media?parent=211"}],"wp:term":[{"taxonomy":"product_cat","embeddable":true,"href":"https:\/\/reikilahochi.com\/index.php\/wp-json\/wp\/v2\/product_cat?post=211"},{"taxonomy":"product_tag","embeddable":true,"href":"https:\/\/reikilahochi.com\/index.php\/wp-json\/wp\/v2\/product_tag?post=211"}],"curies":[{"name":"wp","href":"https:\/\/api.w.org\/{rel}","templated":true}]}}