{"id":213,"date":"2024-03-25T19:17:39","date_gmt":"2024-03-25T18:17:39","guid":{"rendered":"https:\/\/reikilahochi.com\/?post_type=product&#038;p=213"},"modified":"2024-04-20T10:59:31","modified_gmt":"2024-04-20T08:59:31","slug":"douleurs-musculaires-he","status":"publish","type":"product","link":"https:\/\/reikilahochi.com\/index.php\/produit\/douleurs-musculaires-he\/","title":{"rendered":"Douleurs musculaires (HE)"},"content":{"rendered":"<p>Que vous souffriez de crampes musculaires ou simplement de tensions quotidiennes, notre m\u00e9lange d&#8217;huiles essentielles est votre alli\u00e9 naturel pour un soulagement rapide et efficace.<br \/>\nAppliquez quelques gouttes dilu\u00e9es sur la zone affect\u00e9e et laissez la nature faire son travail.<br \/>\nApaisement, soulagement cibl\u00e9 et r\u00e9confortant, relaxation, rafraichissement.<\/p>\n<p>Huiles essentielles 100% naturelles. Usage externe application locale. Ne pas avaler<br \/>\nNe pas utiliser chez la femme enceinte et chez l&#8217;enfant < 7 ans.\n\nConserver \u00e0 l'abri de la chaleur et de la lumi\u00e8re\nFlacon brun 10 ml.\n<\/p>\n","protected":false},"excerpt":{"rendered":"<p>Que vous souffriez de crampes musculaires ou simplement de tensions quotidiennes, notre m\u00e9lange d&#8217;huiles essentielles est votre alli\u00e9 naturel pour un soulagement rapide et efficace. Appliquez quelques gouttes dilu\u00e9es sur la zone affect\u00e9e et laissez la nature faire son travail. Apaisement, soulagement cibl\u00e9 et r\u00e9confortant, relaxation, rafraichissement. Huiles essentielles 100% naturelles. Usage externe application locale. &hellip; <\/p>\n<p class=\"link-more\"><a href=\"https:\/\/reikilahochi.com\/index.php\/produit\/douleurs-musculaires-he\/\" class=\"more-link\">Continuer la lecture<span class=\"screen-reader-text\"> de &laquo;&nbsp;Douleurs musculaires (HE)&nbsp;&raquo;<\/span><\/a><\/p>\n","protected":false},"featured_media":315,"template":"","meta":[],"product_cat":[31],"product_tag":[],"class_list":{"0":"post-213","1":"product","2":"type-product","3":"status-publish","4":"has-post-thumbnail","6":"product_cat-melanges-dhuiles","8":"first","9":"instock","10":"sale","11":"taxable","12":"shipping-taxable","13":"purchasable","14":"product-type-simple"},"jetpack_sharing_enabled":true,"_links":{"self":[{"href":"https:\/\/reikilahochi.com\/index.php\/wp-json\/wp\/v2\/product\/213","targetHints":{"allow":["GET"]}}],"collection":[{"href":"https:\/\/reikilahochi.com\/index.php\/wp-json\/wp\/v2\/product"}],"about":[{"href":"https:\/\/reikilahochi.com\/index.php\/wp-json\/wp\/v2\/types\/product"}],"wp:featuredmedia":[{"embeddable":true,"href":"https:\/\/reikilahochi.com\/index.php\/wp-json\/wp\/v2\/media\/315"}],"wp:attachment":[{"href":"https:\/\/reikilahochi.com\/index.php\/wp-json\/wp\/v2\/media?parent=213"}],"wp:term":[{"taxonomy":"product_cat","embeddable":true,"href":"https:\/\/reikilahochi.com\/index.php\/wp-json\/wp\/v2\/product_cat?post=213"},{"taxonomy":"product_tag","embeddable":true,"href":"https:\/\/reikilahochi.com\/index.php\/wp-json\/wp\/v2\/product_tag?post=213"}],"curies":[{"name":"wp","href":"https:\/\/api.w.org\/{rel}","templated":true}]}}