{"id":249,"date":"2024-03-26T12:53:03","date_gmt":"2024-03-26T11:53:03","guid":{"rendered":"https:\/\/reikilahochi.com\/?post_type=product&#038;p=249"},"modified":"2024-04-21T15:14:47","modified_gmt":"2024-04-21T13:14:47","slug":"melange-3eme-chakra-he","status":"publish","type":"product","link":"https:\/\/reikilahochi.com\/index.php\/produit\/melange-3eme-chakra-he\/","title":{"rendered":"M\u00e9lange 3\u00e8me chakra (HE)"},"content":{"rendered":"<p>M\u00e9lange d&#8217;huiles essentielles choisies pour leur capacit\u00e9 \u00e0 \u00e9quilibrer et dynamiser le 3\u00e8me chakra, chakra plexus solaire, si\u00e8ge de la confiance en soi, de la volont\u00e9 et du pouvoir personnel.<\/p>\n<p>Ces huiles essentielles soigneusement s\u00e9lectionn\u00e9es pour leurs propri\u00e9t\u00e9s \u00e9nerg\u00e9tiques stimulantes et revigorantes apportent une \u00e9nergie lumineuse et optimiste, favorisant la clart\u00e9 mentale et la confiance en soi. Elles r\u00e9veillent le feu int\u00e9rieur, renfor\u00e7ant la volont\u00e9 et le dynamisme, tout en rafra\u00eechissant et stimulant l&#8217;esprit, encourageant la prise d&#8217;initiative et la motivation.<\/p>\n<p>R\u00e9veillez votre pouvoir int\u00e9rieur, renforcez votre confiance en vous et connectez-vous \u00e0 votre force int\u00e9rieure. Que ce soit lors de m\u00e9ditations de renforcement de la volont\u00e9, de moments de concentration ou simplement en diffusion dans votre espace de vie, laissez-vous envelopper par les ar\u00f4mes revigorants et dynamisants de notre m\u00e9lange, pour une exp\u00e9rience sensorielle stimulante et inspirante.<\/p>\n<p>Plongez dans l&#8217;\u00e9nergie puissante de notre m\u00e9lange d&#8217;huiles essentielles pour le troisi\u00e8me chakra plexus solaire et retrouvez un \u00e9quilibre int\u00e9rieur confiant et dynamique, pour une vie \u00e9panouie et pleine de vitalit\u00e9.<\/p>\n<p>Usage externe, en diffusion, ne pas avaler<br \/>\nFlacon brun de 10 ml<\/p>\n","protected":false},"excerpt":{"rendered":"<p>M\u00e9lange d&#8217;huiles essentielles choisies pour leur capacit\u00e9 \u00e0 \u00e9quilibrer et dynamiser le 3\u00e8me chakra, chakra plexus solaire, si\u00e8ge de la confiance en soi, de la volont\u00e9 et du pouvoir personnel. Ces huiles essentielles soigneusement s\u00e9lectionn\u00e9es pour leurs propri\u00e9t\u00e9s \u00e9nerg\u00e9tiques stimulantes et revigorantes apportent une \u00e9nergie lumineuse et optimiste, favorisant la clart\u00e9 mentale et la confiance &hellip; <\/p>\n<p class=\"link-more\"><a href=\"https:\/\/reikilahochi.com\/index.php\/produit\/melange-3eme-chakra-he\/\" class=\"more-link\">Continuer la lecture<span class=\"screen-reader-text\"> de &laquo;&nbsp;M\u00e9lange 3\u00e8me chakra (HE)&nbsp;&raquo;<\/span><\/a><\/p>\n","protected":false},"featured_media":304,"template":"","meta":[],"product_cat":[32],"product_tag":[],"class_list":{"0":"post-249","1":"product","2":"type-product","3":"status-publish","4":"has-post-thumbnail","6":"product_cat-huiles-essentielles-7-chakras","8":"first","9":"instock","10":"sale","11":"taxable","12":"shipping-taxable","13":"purchasable","14":"product-type-simple"},"jetpack_sharing_enabled":true,"_links":{"self":[{"href":"https:\/\/reikilahochi.com\/index.php\/wp-json\/wp\/v2\/product\/249","targetHints":{"allow":["GET"]}}],"collection":[{"href":"https:\/\/reikilahochi.com\/index.php\/wp-json\/wp\/v2\/product"}],"about":[{"href":"https:\/\/reikilahochi.com\/index.php\/wp-json\/wp\/v2\/types\/product"}],"wp:featuredmedia":[{"embeddable":true,"href":"https:\/\/reikilahochi.com\/index.php\/wp-json\/wp\/v2\/media\/304"}],"wp:attachment":[{"href":"https:\/\/reikilahochi.com\/index.php\/wp-json\/wp\/v2\/media?parent=249"}],"wp:term":[{"taxonomy":"product_cat","embeddable":true,"href":"https:\/\/reikilahochi.com\/index.php\/wp-json\/wp\/v2\/product_cat?post=249"},{"taxonomy":"product_tag","embeddable":true,"href":"https:\/\/reikilahochi.com\/index.php\/wp-json\/wp\/v2\/product_tag?post=249"}],"curies":[{"name":"wp","href":"https:\/\/api.w.org\/{rel}","templated":true}]}}