{"id":252,"date":"2024-03-26T12:54:42","date_gmt":"2024-03-26T11:54:42","guid":{"rendered":"https:\/\/reikilahochi.com\/?post_type=product&#038;p=252"},"modified":"2024-04-21T15:20:20","modified_gmt":"2024-04-21T13:20:20","slug":"melange-6eme-chakra-he","status":"publish","type":"product","link":"https:\/\/reikilahochi.com\/index.php\/produit\/melange-6eme-chakra-he\/","title":{"rendered":"M\u00e9lange 6\u00e8me chakra (HE)"},"content":{"rendered":"<p>Explorez notre m\u00e9lange d&#8217;huiles essentielles exquis, sp\u00e9cialement con\u00e7u pour \u00e9veiller et \u00e9quilibrer le sixi\u00e8me chakra, le troisi\u00e8me \u0153il, le centre de l&#8217;intuition, de la perception et de la clairvoyance.<\/p>\n<p>Ce m\u00e9lange unique r\u00e9unit des huiles essentielles s\u00e9lectionn\u00e9es pour leurs propri\u00e9t\u00e9s \u00e9nerg\u00e9tiques stimulantes et \u00e9clairantes, qui ouvrent les portes de la perception int\u00e9rieure et favorise une relaxation profonde propice \u00e0 l&#8217;exploration de l&#8217;intuition, stimulent l&#8217;esprit et \u00e9veille la clart\u00e9 mentale, facilitant la connexion avec le monde spirituel et la r\u00e9ception des messages intuitifs et finalement aident \u00e0 dissiper les blocages \u00e9nerg\u00e9tiques et \u00e0 ouvrir les canaux de la conscience sup\u00e9rieure, permettant un acc\u00e8s plus fluide \u00e0 la sagesse int\u00e9rieure.<\/p>\n<p>En utilisant notre m\u00e9lange d&#8217;huiles essentielles pour le sixi\u00e8me chakra troisi\u00e8me \u0153il, vous pouvez amplifier votre intuition, aiguiser votre perception et \u00e9largir votre vision int\u00e9rieure.<br \/>\nQue ce soit lors de s\u00e9ances de m\u00e9ditation pour activer le troisi\u00e8me \u0153il, de moments de r\u00e9flexion ou simplement en diffusion dans votre espace de vie, laissez-vous envelopper par les ar\u00f4mes apaisants et inspirants de notre m\u00e9lange, pour une exp\u00e9rience sensorielle profonde et r\u00e9v\u00e9latrice.<\/p>\n<p>Plongez dans l&#8217;\u00e9nergie expansive de notre m\u00e9lange d&#8217;huiles essentielles pour le sixi\u00e8me chakra troisi\u00e8me \u0153il et laissez votre esprit s&#8217;ouvrir \u00e0 de nouveaux horizons de conscience et de compr\u00e9hension, pour une vie \u00e9panouie et align\u00e9e sur votre v\u00e9ritable essence spirituelle.<\/p>\n<p>Usage externe en diffusion, ne pas avaler.<br \/>\nFlacon brun de 10 ml.<\/p>\n","protected":false},"excerpt":{"rendered":"<p>Explorez notre m\u00e9lange d&#8217;huiles essentielles exquis, sp\u00e9cialement con\u00e7u pour \u00e9veiller et \u00e9quilibrer le sixi\u00e8me chakra, le troisi\u00e8me \u0153il, le centre de l&#8217;intuition, de la perception et de la clairvoyance. Ce m\u00e9lange unique r\u00e9unit des huiles essentielles s\u00e9lectionn\u00e9es pour leurs propri\u00e9t\u00e9s \u00e9nerg\u00e9tiques stimulantes et \u00e9clairantes, qui ouvrent les portes de la perception int\u00e9rieure et favorise une &hellip; <\/p>\n<p class=\"link-more\"><a href=\"https:\/\/reikilahochi.com\/index.php\/produit\/melange-6eme-chakra-he\/\" class=\"more-link\">Continuer la lecture<span class=\"screen-reader-text\"> de &laquo;&nbsp;M\u00e9lange 6\u00e8me chakra (HE)&nbsp;&raquo;<\/span><\/a><\/p>\n","protected":false},"featured_media":306,"template":"","meta":[],"product_cat":[32],"product_tag":[],"class_list":{"0":"post-252","1":"product","2":"type-product","3":"status-publish","4":"has-post-thumbnail","6":"product_cat-huiles-essentielles-7-chakras","8":"first","9":"instock","10":"sale","11":"taxable","12":"shipping-taxable","13":"purchasable","14":"product-type-simple"},"jetpack_sharing_enabled":true,"_links":{"self":[{"href":"https:\/\/reikilahochi.com\/index.php\/wp-json\/wp\/v2\/product\/252","targetHints":{"allow":["GET"]}}],"collection":[{"href":"https:\/\/reikilahochi.com\/index.php\/wp-json\/wp\/v2\/product"}],"about":[{"href":"https:\/\/reikilahochi.com\/index.php\/wp-json\/wp\/v2\/types\/product"}],"wp:featuredmedia":[{"embeddable":true,"href":"https:\/\/reikilahochi.com\/index.php\/wp-json\/wp\/v2\/media\/306"}],"wp:attachment":[{"href":"https:\/\/reikilahochi.com\/index.php\/wp-json\/wp\/v2\/media?parent=252"}],"wp:term":[{"taxonomy":"product_cat","embeddable":true,"href":"https:\/\/reikilahochi.com\/index.php\/wp-json\/wp\/v2\/product_cat?post=252"},{"taxonomy":"product_tag","embeddable":true,"href":"https:\/\/reikilahochi.com\/index.php\/wp-json\/wp\/v2\/product_tag?post=252"}],"curies":[{"name":"wp","href":"https:\/\/api.w.org\/{rel}","templated":true}]}}