{"id":253,"date":"2024-03-26T12:55:18","date_gmt":"2024-03-26T11:55:18","guid":{"rendered":"https:\/\/reikilahochi.com\/?post_type=product&#038;p=253"},"modified":"2024-04-21T15:21:07","modified_gmt":"2024-04-21T13:21:07","slug":"melange-7eme-chakra-he","status":"publish","type":"product","link":"https:\/\/reikilahochi.com\/index.php\/produit\/melange-7eme-chakra-he\/","title":{"rendered":"M\u00e9lange 7\u00e8me chakra (HE)"},"content":{"rendered":"<p>D\u00e9couvrez notre m\u00e9lange d&#8217;huiles essentielles c\u00e9leste, con\u00e7u pour \u00e9lever et \u00e9quilibrer le septi\u00e8me chakra, le chakra coronal, le portail vers la spiritualit\u00e9, la connexion universelle et la conscience sup\u00e9rieure.<\/p>\n<p>Ce m\u00e9lange d&#8217;huiles essentielles sacr\u00e9es combine des essences choisies avec soin pour leurs vertus \u00e9nerg\u00e9tiques \u00e9l\u00e9vatrices et purificatrices qui \u00e9l\u00e8vent l&#8217;\u00e2me et ouvre les portes de la perception spirituelle, favorisant la m\u00e9ditation profonde et la connexion avec le divin avec une invitation \u00e0 la contemplation et \u00e0 la paix int\u00e9rieure, facilitant l&#8217;acc\u00e8s \u00e0 la sagesse universelle et \u00e0 la clart\u00e9 mentale. Cette synergie permet l&#8217;\u00e9l\u00e9vation de  l&#8217;\u00e2me vers des \u00e9tats de conscience sup\u00e9rieurs et favorisant l&#8217;union avec l&#8217;univers.<\/p>\n<p>En utilisant notre m\u00e9lange d&#8217;huiles essentielles pour le septi\u00e8me chakra coronal, vous pouvez ouvrir votre esprit \u00e0 la conscience universelle, exp\u00e9rimenter l&#8217;unit\u00e9 et la transcendance, et acc\u00e9der \u00e0 des \u00e9tats de conscience \u00e9lev\u00e9s.<br \/>\nQue ce soit lors de m\u00e9ditations pour activer le chakra coronal, de rituels spirituels ou simplement en diffusion dans votre espace de vie, laissez-vous envelopper par les ar\u00f4mes divins et sublimes de notre m\u00e9lange, pour une exp\u00e9rience sensorielle profonde et spirituelle.<\/p>\n<p>Plongez dans la lumi\u00e8re \u00e9clatante de notre m\u00e9lange d&#8217;huiles essentielles pour le septi\u00e8me chakra coronal et laissez votre \u00e2me s&#8217;\u00e9lever vers de nouveaux horizons de conscience et de compr\u00e9hension, pour une vie \u00e9panouie et align\u00e9e sur votre essence spirituelle la plus \u00e9lev\u00e9e.<\/p>\n<p>Usage externe en diffusion, ne pas avaler.<br \/>\nFlacon brun de 10 ml.<\/p>\n","protected":false},"excerpt":{"rendered":"<p>D\u00e9couvrez notre m\u00e9lange d&#8217;huiles essentielles c\u00e9leste, con\u00e7u pour \u00e9lever et \u00e9quilibrer le septi\u00e8me chakra, le chakra coronal, le portail vers la spiritualit\u00e9, la connexion universelle et la conscience sup\u00e9rieure. Ce m\u00e9lange d&#8217;huiles essentielles sacr\u00e9es combine des essences choisies avec soin pour leurs vertus \u00e9nerg\u00e9tiques \u00e9l\u00e9vatrices et purificatrices qui \u00e9l\u00e8vent l&#8217;\u00e2me et ouvre les portes de &hellip; <\/p>\n<p class=\"link-more\"><a href=\"https:\/\/reikilahochi.com\/index.php\/produit\/melange-7eme-chakra-he\/\" class=\"more-link\">Continuer la lecture<span class=\"screen-reader-text\"> de &laquo;&nbsp;M\u00e9lange 7\u00e8me chakra (HE)&nbsp;&raquo;<\/span><\/a><\/p>\n","protected":false},"featured_media":307,"template":"","meta":[],"product_cat":[32],"product_tag":[],"class_list":{"0":"post-253","1":"product","2":"type-product","3":"status-publish","4":"has-post-thumbnail","6":"product_cat-huiles-essentielles-7-chakras","8":"first","9":"instock","10":"sale","11":"taxable","12":"shipping-taxable","13":"purchasable","14":"product-type-simple"},"jetpack_sharing_enabled":true,"_links":{"self":[{"href":"https:\/\/reikilahochi.com\/index.php\/wp-json\/wp\/v2\/product\/253","targetHints":{"allow":["GET"]}}],"collection":[{"href":"https:\/\/reikilahochi.com\/index.php\/wp-json\/wp\/v2\/product"}],"about":[{"href":"https:\/\/reikilahochi.com\/index.php\/wp-json\/wp\/v2\/types\/product"}],"wp:featuredmedia":[{"embeddable":true,"href":"https:\/\/reikilahochi.com\/index.php\/wp-json\/wp\/v2\/media\/307"}],"wp:attachment":[{"href":"https:\/\/reikilahochi.com\/index.php\/wp-json\/wp\/v2\/media?parent=253"}],"wp:term":[{"taxonomy":"product_cat","embeddable":true,"href":"https:\/\/reikilahochi.com\/index.php\/wp-json\/wp\/v2\/product_cat?post=253"},{"taxonomy":"product_tag","embeddable":true,"href":"https:\/\/reikilahochi.com\/index.php\/wp-json\/wp\/v2\/product_tag?post=253"}],"curies":[{"name":"wp","href":"https:\/\/api.w.org\/{rel}","templated":true}]}}