{"id":272,"date":"2024-03-26T13:41:57","date_gmt":"2024-03-26T12:41:57","guid":{"rendered":"https:\/\/reikilahochi.com\/?post_type=product&#038;p=272"},"modified":"2024-04-26T16:32:36","modified_gmt":"2024-04-26T14:32:36","slug":"the-cannelle","status":"publish","type":"product","link":"https:\/\/reikilahochi.com\/index.php\/produit\/the-cannelle\/","title":{"rendered":"Th\u00e9 cannelle"},"content":{"rendered":"<p>Plongez dans un oc\u00e9an de chaleur et de douceur avec notre th\u00e9 \u00e0 la cannelle, une infusion envo\u00fbtante qui r\u00e9chauffe le c\u0153ur et ravit les papilles. Notre m\u00e9lange unique marie habilement les notes riches et \u00e9pic\u00e9es de la cannelle \u00e0 la d\u00e9licatesse subtile du th\u00e9, offrant une exp\u00e9rience gustative riche en saveurs et en \u00e9motions.<\/p>\n<p>Laissez-vous envo\u00fbter par l&#8217;ar\u00f4me enivrant de la cannelle qui \u00e9mane de chaque tasse, \u00e9voquant les souvenirs r\u00e9confortants de l&#8217;enfance et des festivit\u00e9s hivernales. Chaque gorg\u00e9e est une invitation \u00e0 un voyage sensoriel captivant, o\u00f9 les saveurs chaudes et r\u00e9confortantes de la cannelle se marient harmonieusement avec la rondeur subtile du th\u00e9, pour un plaisir gustatif incomparable.<\/p>\n<p>en sachet kraft herm\u00e9tique.<\/p>\n","protected":false},"excerpt":{"rendered":"<p>Plongez dans un oc\u00e9an de chaleur et de douceur avec notre th\u00e9 \u00e0 la cannelle, une infusion envo\u00fbtante qui r\u00e9chauffe le c\u0153ur et ravit les papilles. Notre m\u00e9lange unique marie habilement les notes riches et \u00e9pic\u00e9es de la cannelle \u00e0 la d\u00e9licatesse subtile du th\u00e9, offrant une exp\u00e9rience gustative riche en saveurs et en \u00e9motions. &hellip; <\/p>\n<p class=\"link-more\"><a href=\"https:\/\/reikilahochi.com\/index.php\/produit\/the-cannelle\/\" class=\"more-link\">Continuer la lecture<span class=\"screen-reader-text\"> de &laquo;&nbsp;Th\u00e9 cannelle&nbsp;&raquo;<\/span><\/a><\/p>\n","protected":false},"featured_media":276,"template":"","meta":[],"product_cat":[37],"product_tag":[],"class_list":{"0":"post-272","1":"product","2":"type-product","3":"status-publish","4":"has-post-thumbnail","6":"product_cat-thes","8":"first","9":"instock","10":"taxable","11":"shipping-taxable","12":"purchasable","13":"product-type-simple"},"jetpack_sharing_enabled":true,"_links":{"self":[{"href":"https:\/\/reikilahochi.com\/index.php\/wp-json\/wp\/v2\/product\/272","targetHints":{"allow":["GET"]}}],"collection":[{"href":"https:\/\/reikilahochi.com\/index.php\/wp-json\/wp\/v2\/product"}],"about":[{"href":"https:\/\/reikilahochi.com\/index.php\/wp-json\/wp\/v2\/types\/product"}],"wp:featuredmedia":[{"embeddable":true,"href":"https:\/\/reikilahochi.com\/index.php\/wp-json\/wp\/v2\/media\/276"}],"wp:attachment":[{"href":"https:\/\/reikilahochi.com\/index.php\/wp-json\/wp\/v2\/media?parent=272"}],"wp:term":[{"taxonomy":"product_cat","embeddable":true,"href":"https:\/\/reikilahochi.com\/index.php\/wp-json\/wp\/v2\/product_cat?post=272"},{"taxonomy":"product_tag","embeddable":true,"href":"https:\/\/reikilahochi.com\/index.php\/wp-json\/wp\/v2\/product_tag?post=272"}],"curies":[{"name":"wp","href":"https:\/\/api.w.org\/{rel}","templated":true}]}}