{"id":429,"date":"2024-04-12T14:51:01","date_gmt":"2024-04-12T12:51:01","guid":{"rendered":"https:\/\/reikilahochi.com\/?post_type=product&#038;p=429"},"modified":"2024-09-06T10:57:21","modified_gmt":"2024-09-06T08:57:21","slug":"lavande","status":"publish","type":"product","link":"https:\/\/reikilahochi.com\/index.php\/produit\/lavande\/","title":{"rendered":"Th\u00e9 Lavande"},"content":{"rendered":"<p>Plongez dans un havre de paix et de s\u00e9r\u00e9nit\u00e9 avec notre tisane \u00e0 la lavande, une infusion d\u00e9licate qui apaise les sens et r\u00e9conforte l&#8217;\u00e2me. R\u00e9put\u00e9e pour ses vertus apaisantes et relaxantes, la lavande est une alli\u00e9e pr\u00e9cieuse pour apaiser le corps et l&#8217;esprit apr\u00e8s une journ\u00e9e bien remplie.<\/p>\n<p>Notre tisane \u00e0 la lavande est un v\u00e9ritable voyage sensoriel, o\u00f9 les ar\u00f4mes envo\u00fbtants de cette fleur embl\u00e9matique de la Provence vous transportent dans un champ de lavande baign\u00e9 de soleil. Chaque gorg\u00e9e est une invitation \u00e0 la d\u00e9tente et \u00e0 la qui\u00e9tude, o\u00f9 la douceur subtile de la lavande enveloppe vos sens dans un cocon de bien-\u00eatre.<\/p>\n<p>En plus de son parfum enivrant, notre tisane \u00e0 la lavande regorge de bienfaits pour la sant\u00e9<\/p>\n<p>en sachet kraft herm\u00e9tique.<\/p>\n","protected":false},"excerpt":{"rendered":"<p>Plongez dans un havre de paix et de s\u00e9r\u00e9nit\u00e9 avec notre tisane \u00e0 la lavande, une infusion d\u00e9licate qui apaise les sens et r\u00e9conforte l&#8217;\u00e2me. R\u00e9put\u00e9e pour ses vertus apaisantes et relaxantes, la lavande est une alli\u00e9e pr\u00e9cieuse pour apaiser le corps et l&#8217;esprit apr\u00e8s une journ\u00e9e bien remplie. Notre tisane \u00e0 la lavande est &hellip; <\/p>\n<p class=\"link-more\"><a href=\"https:\/\/reikilahochi.com\/index.php\/produit\/lavande\/\" class=\"more-link\">Continuer la lecture<span class=\"screen-reader-text\"> de &laquo;&nbsp;Th\u00e9 Lavande&nbsp;&raquo;<\/span><\/a><\/p>\n","protected":false},"featured_media":430,"template":"","meta":[],"product_cat":[37],"product_tag":[],"class_list":{"0":"post-429","1":"product","2":"type-product","3":"status-publish","4":"has-post-thumbnail","6":"product_cat-thes","8":"first","9":"instock","10":"taxable","11":"shipping-taxable","12":"purchasable","13":"product-type-simple"},"jetpack_sharing_enabled":true,"_links":{"self":[{"href":"https:\/\/reikilahochi.com\/index.php\/wp-json\/wp\/v2\/product\/429","targetHints":{"allow":["GET"]}}],"collection":[{"href":"https:\/\/reikilahochi.com\/index.php\/wp-json\/wp\/v2\/product"}],"about":[{"href":"https:\/\/reikilahochi.com\/index.php\/wp-json\/wp\/v2\/types\/product"}],"wp:featuredmedia":[{"embeddable":true,"href":"https:\/\/reikilahochi.com\/index.php\/wp-json\/wp\/v2\/media\/430"}],"wp:attachment":[{"href":"https:\/\/reikilahochi.com\/index.php\/wp-json\/wp\/v2\/media?parent=429"}],"wp:term":[{"taxonomy":"product_cat","embeddable":true,"href":"https:\/\/reikilahochi.com\/index.php\/wp-json\/wp\/v2\/product_cat?post=429"},{"taxonomy":"product_tag","embeddable":true,"href":"https:\/\/reikilahochi.com\/index.php\/wp-json\/wp\/v2\/product_tag?post=429"}],"curies":[{"name":"wp","href":"https:\/\/api.w.org\/{rel}","templated":true}]}}