{"id":531,"date":"2024-04-20T13:33:06","date_gmt":"2024-04-20T11:33:06","guid":{"rendered":"https:\/\/reikilahochi.com\/?post_type=product&#038;p=531"},"modified":"2024-04-20T13:44:03","modified_gmt":"2024-04-20T11:44:03","slug":"cuillere-infuseur","status":"publish","type":"product","link":"https:\/\/reikilahochi.com\/index.php\/produit\/cuillere-infuseur\/","title":{"rendered":"Cuill\u00e8re infuseur"},"content":{"rendered":"<p>Gr\u00e2ce \u00e0 leur conception astucieuse, nos cuill\u00e8res infuseurs permettent une infusion optimale de vos th\u00e9s pr\u00e9f\u00e9r\u00e9s, lib\u00e9rant pleinement leurs ar\u00f4mes d\u00e9licats tout en retenant les feuilles pour une d\u00e9gustation sans r\u00e9sidus ind\u00e9sirables. <\/p>\n","protected":false},"excerpt":{"rendered":"<p>Gr\u00e2ce \u00e0 leur conception astucieuse, nos cuill\u00e8res infuseurs permettent une infusion optimale de vos th\u00e9s pr\u00e9f\u00e9r\u00e9s, lib\u00e9rant pleinement leurs ar\u00f4mes d\u00e9licats tout en retenant les feuilles pour une d\u00e9gustation sans r\u00e9sidus ind\u00e9sirables.<\/p>\n","protected":false},"featured_media":532,"template":"","meta":[],"product_cat":[37,36,29],"product_tag":[],"class_list":{"0":"post-531","1":"product","2":"type-product","3":"status-publish","4":"has-post-thumbnail","6":"product_cat-thes","7":"product_cat-tisanes","8":"product_cat-tisanes-et-thes","10":"first","11":"instock","12":"taxable","13":"shipping-taxable","14":"purchasable","15":"product-type-simple"},"jetpack_sharing_enabled":true,"_links":{"self":[{"href":"https:\/\/reikilahochi.com\/index.php\/wp-json\/wp\/v2\/product\/531","targetHints":{"allow":["GET"]}}],"collection":[{"href":"https:\/\/reikilahochi.com\/index.php\/wp-json\/wp\/v2\/product"}],"about":[{"href":"https:\/\/reikilahochi.com\/index.php\/wp-json\/wp\/v2\/types\/product"}],"wp:featuredmedia":[{"embeddable":true,"href":"https:\/\/reikilahochi.com\/index.php\/wp-json\/wp\/v2\/media\/532"}],"wp:attachment":[{"href":"https:\/\/reikilahochi.com\/index.php\/wp-json\/wp\/v2\/media?parent=531"}],"wp:term":[{"taxonomy":"product_cat","embeddable":true,"href":"https:\/\/reikilahochi.com\/index.php\/wp-json\/wp\/v2\/product_cat?post=531"},{"taxonomy":"product_tag","embeddable":true,"href":"https:\/\/reikilahochi.com\/index.php\/wp-json\/wp\/v2\/product_tag?post=531"}],"curies":[{"name":"wp","href":"https:\/\/api.w.org\/{rel}","templated":true}]}}