{"id":57,"date":"2024-03-24T15:35:55","date_gmt":"2024-03-24T14:35:55","guid":{"rendered":"https:\/\/reikilahochi.com\/?post_type=product&#038;p=57"},"modified":"2024-04-22T13:44:19","modified_gmt":"2024-04-22T11:44:19","slug":"lavande-huile-essentielle","status":"publish","type":"product","link":"https:\/\/reikilahochi.com\/index.php\/produit\/lavande-huile-essentielle\/","title":{"rendered":"Lavande vraie (HE)"},"content":{"rendered":"<p>L&#8217;huile de lavande officinale, lavande vraie, pr\u00e9cieuse et polyvalente, est une v\u00e9ritable perle de l&#8217;aromath\u00e9rapie.<br \/>\nElle est l&#8217;incontournable gr\u00e2ce \u00e0 ses propri\u00e9t\u00e9s calmantes et s\u00e9datives, apaisante pour un sommeil r\u00e9parateur. Relaxant musculaire et articulaire.<br \/>\nCicatrisante et r\u00e9g\u00e9n\u00e9rant cutan\u00e9, r\u00e9pulsif insectes<\/p>\n<p>Huile essentielle 100% naturelle en flacon brun de 10 ml<br \/>\n&#8220;lavandula angustifolia&#8221;<\/p>\n<p>pour la pr\u00e9paration de vos m\u00e9langes<\/p>\n<p>DIY<\/p>\n","protected":false},"excerpt":{"rendered":"<p>Huile essentielle de lavande<\/p>\n<p>Revigorante et rafraichissante<\/p>\n<p>Soulage les douleurs musculaires et les probl\u00e8mes respiratoires (sinus, bronches)<\/p>\n","protected":false},"featured_media":191,"template":"","meta":[],"product_cat":[30],"product_tag":[],"class_list":{"0":"post-57","1":"product","2":"type-product","3":"status-publish","4":"has-post-thumbnail","6":"product_cat-huiles-essentielles-individuelles","8":"first","9":"instock","10":"taxable","11":"shipping-taxable","12":"purchasable","13":"product-type-simple"},"jetpack_sharing_enabled":true,"_links":{"self":[{"href":"https:\/\/reikilahochi.com\/index.php\/wp-json\/wp\/v2\/product\/57","targetHints":{"allow":["GET"]}}],"collection":[{"href":"https:\/\/reikilahochi.com\/index.php\/wp-json\/wp\/v2\/product"}],"about":[{"href":"https:\/\/reikilahochi.com\/index.php\/wp-json\/wp\/v2\/types\/product"}],"wp:featuredmedia":[{"embeddable":true,"href":"https:\/\/reikilahochi.com\/index.php\/wp-json\/wp\/v2\/media\/191"}],"wp:attachment":[{"href":"https:\/\/reikilahochi.com\/index.php\/wp-json\/wp\/v2\/media?parent=57"}],"wp:term":[{"taxonomy":"product_cat","embeddable":true,"href":"https:\/\/reikilahochi.com\/index.php\/wp-json\/wp\/v2\/product_cat?post=57"},{"taxonomy":"product_tag","embeddable":true,"href":"https:\/\/reikilahochi.com\/index.php\/wp-json\/wp\/v2\/product_tag?post=57"}],"curies":[{"name":"wp","href":"https:\/\/api.w.org\/{rel}","templated":true}]}}