{"id":570,"date":"2024-04-22T13:32:02","date_gmt":"2024-04-22T11:32:02","guid":{"rendered":"https:\/\/reikilahochi.com\/?post_type=product&#038;p=570"},"modified":"2024-04-22T14:09:23","modified_gmt":"2024-04-22T12:09:23","slug":"lavande-aspic","status":"publish","type":"product","link":"https:\/\/reikilahochi.com\/index.php\/produit\/lavande-aspic\/","title":{"rendered":"Lavande aspic (HE)"},"content":{"rendered":"<p>La lavande aspic est r\u00e9put\u00e9e pour ses puissantes propri\u00e9t\u00e9s antiseptiques, analg\u00e9siques et cicatrisantes.<br \/>\nelle est souvent utilis\u00e9e pour d\u00e9sinfecter les petites plaies, les coupures et les br\u00fblures. Son huile essentielle est efficace pour nettoyer la peau et acc\u00e9l\u00e9rer le processus de gu\u00e9rison, tout en r\u00e9duisant le risque d&#8217;infection.<\/p>\n<p>Traditionnellement utilis\u00e9e en cas de coup de soleil, piq\u00fbres d&#8217;insectes&#8230;<\/p>\n<p>Huile essentielle 100% naturelle, en flacon brun de 10 ml<br \/>\n&#8220;lavandula latifolia&#8221;<br \/>\nPour la pr\u00e9paration de vos m\u00e9langes DIY<\/p>\n","protected":false},"excerpt":{"rendered":"<p>La lavande aspic est r\u00e9put\u00e9e pour ses puissantes propri\u00e9t\u00e9s antiseptiques, analg\u00e9siques et cicatrisantes. elle est souvent utilis\u00e9e pour d\u00e9sinfecter les petites plaies, les coupures et les br\u00fblures. Son huile essentielle est efficace pour nettoyer la peau et acc\u00e9l\u00e9rer le processus de gu\u00e9rison, tout en r\u00e9duisant le risque d&#8217;infection. Traditionnellement utilis\u00e9e en cas de coup de &hellip; <\/p>\n<p class=\"link-more\"><a href=\"https:\/\/reikilahochi.com\/index.php\/produit\/lavande-aspic\/\" class=\"more-link\">Continuer la lecture<span class=\"screen-reader-text\"> de &laquo;&nbsp;Lavande aspic (HE)&nbsp;&raquo;<\/span><\/a><\/p>\n","protected":false},"featured_media":574,"template":"","meta":[],"product_cat":[27,30],"product_tag":[],"class_list":{"0":"post-570","1":"product","2":"type-product","3":"status-publish","4":"has-post-thumbnail","6":"product_cat-huiles-essentielles","7":"product_cat-huiles-essentielles-individuelles","9":"first","10":"instock","11":"taxable","12":"shipping-taxable","13":"purchasable","14":"product-type-simple"},"jetpack_sharing_enabled":true,"_links":{"self":[{"href":"https:\/\/reikilahochi.com\/index.php\/wp-json\/wp\/v2\/product\/570","targetHints":{"allow":["GET"]}}],"collection":[{"href":"https:\/\/reikilahochi.com\/index.php\/wp-json\/wp\/v2\/product"}],"about":[{"href":"https:\/\/reikilahochi.com\/index.php\/wp-json\/wp\/v2\/types\/product"}],"wp:featuredmedia":[{"embeddable":true,"href":"https:\/\/reikilahochi.com\/index.php\/wp-json\/wp\/v2\/media\/574"}],"wp:attachment":[{"href":"https:\/\/reikilahochi.com\/index.php\/wp-json\/wp\/v2\/media?parent=570"}],"wp:term":[{"taxonomy":"product_cat","embeddable":true,"href":"https:\/\/reikilahochi.com\/index.php\/wp-json\/wp\/v2\/product_cat?post=570"},{"taxonomy":"product_tag","embeddable":true,"href":"https:\/\/reikilahochi.com\/index.php\/wp-json\/wp\/v2\/product_tag?post=570"}],"curies":[{"name":"wp","href":"https:\/\/api.w.org\/{rel}","templated":true}]}}