{"id":662,"date":"2024-04-26T11:03:02","date_gmt":"2024-04-26T09:03:02","guid":{"rendered":"https:\/\/reikilahochi.com\/?post_type=product&#038;p=662"},"modified":"2024-04-26T11:15:36","modified_gmt":"2024-04-26T09:15:36","slug":"gingembre-he","status":"publish","type":"product","link":"https:\/\/reikilahochi.com\/index.php\/produit\/gingembre-he\/","title":{"rendered":"Gingembre (HE)"},"content":{"rendered":"<p>D\u00e9couvrez l&#8217;huile de gingembre, une essence exquise qui \u00e9veille les sens et ravive l&#8217;\u00e9nergie vitale.<br \/>\nSon parfum \u00e9pic\u00e9 et r\u00e9confortant en fait un incontournable de l&#8217;aromath\u00e9rapie, id\u00e9al pour cr\u00e9er une ambiance revigorante et stimulante dans votre espace de vie. Sa fragrance intense \u00e9veille les sens et r\u00e9veille l&#8217;esprit, procurant une sensation de bien-\u00eatre imm\u00e9diat.<\/p>\n<p>Ses bienfaits ne s&#8217;arr\u00eatent pas l\u00e0 :<br \/>\n&#8211; antiseptique<br \/>\n&#8211; antiinflammatoire<br \/>\n&#8211; stimulation de la circulation sanguine<br \/>\n&#8211; antioxydant<\/p>\n<p>Huile essentielle 100% naturelle, en flacon brun de 10 ml.<br \/>\n&#8220;zingiber officinale&#8221;<br \/>\nPour la pr\u00e9paration de vos m\u00e9langes DIY.<\/p>\n","protected":false},"excerpt":{"rendered":"<p>D\u00e9couvrez l&#8217;huile de gingembre, une essence exquise qui \u00e9veille les sens et ravive l&#8217;\u00e9nergie vitale. Son parfum \u00e9pic\u00e9 et r\u00e9confortant en fait un incontournable de l&#8217;aromath\u00e9rapie, id\u00e9al pour cr\u00e9er une ambiance revigorante et stimulante dans votre espace de vie. Sa fragrance intense \u00e9veille les sens et r\u00e9veille l&#8217;esprit, procurant une sensation de bien-\u00eatre imm\u00e9diat. Ses &hellip; <\/p>\n<p class=\"link-more\"><a href=\"https:\/\/reikilahochi.com\/index.php\/produit\/gingembre-he\/\" class=\"more-link\">Continuer la lecture<span class=\"screen-reader-text\"> de &laquo;&nbsp;Gingembre (HE)&nbsp;&raquo;<\/span><\/a><\/p>\n","protected":false},"featured_media":665,"template":"","meta":[],"product_cat":[30],"product_tag":[],"class_list":{"0":"post-662","1":"product","2":"type-product","3":"status-publish","4":"has-post-thumbnail","6":"product_cat-huiles-essentielles-individuelles","8":"first","9":"instock","10":"taxable","11":"shipping-taxable","12":"purchasable","13":"product-type-simple"},"jetpack_sharing_enabled":true,"_links":{"self":[{"href":"https:\/\/reikilahochi.com\/index.php\/wp-json\/wp\/v2\/product\/662","targetHints":{"allow":["GET"]}}],"collection":[{"href":"https:\/\/reikilahochi.com\/index.php\/wp-json\/wp\/v2\/product"}],"about":[{"href":"https:\/\/reikilahochi.com\/index.php\/wp-json\/wp\/v2\/types\/product"}],"wp:featuredmedia":[{"embeddable":true,"href":"https:\/\/reikilahochi.com\/index.php\/wp-json\/wp\/v2\/media\/665"}],"wp:attachment":[{"href":"https:\/\/reikilahochi.com\/index.php\/wp-json\/wp\/v2\/media?parent=662"}],"wp:term":[{"taxonomy":"product_cat","embeddable":true,"href":"https:\/\/reikilahochi.com\/index.php\/wp-json\/wp\/v2\/product_cat?post=662"},{"taxonomy":"product_tag","embeddable":true,"href":"https:\/\/reikilahochi.com\/index.php\/wp-json\/wp\/v2\/product_tag?post=662"}],"curies":[{"name":"wp","href":"https:\/\/api.w.org\/{rel}","templated":true}]}}