{"id":67,"date":"2024-03-24T16:19:36","date_gmt":"2024-03-24T15:19:36","guid":{"rendered":"https:\/\/reikilahochi.com\/?post_type=product&#038;p=67"},"modified":"2024-05-04T13:57:54","modified_gmt":"2024-05-04T11:57:54","slug":"niaouli-he","status":"publish","type":"product","link":"https:\/\/reikilahochi.com\/index.php\/produit\/niaouli-he\/","title":{"rendered":"Niaouli (HE)"},"content":{"rendered":"<p>D\u00e9couvrez les bienfaits revitalisants de l&#8217;huile essentielle de niaouli, un tr\u00e9sor de la nature aux multiples vertus th\u00e9rapeutiques, r\u00e9put\u00e9e pour ses propri\u00e9t\u00e9s purifiantes, apaisantes et tonifiantes pour la peau et l&#8217;esprit.<\/p>\n<p>L&#8217;huile de niaouli est un v\u00e9ritable alli\u00e9 pour une peau saine et \u00e9clatante.<\/p>\n<p>* stimulante, revigorante<\/p>\n<p>* antiseptique, antioxydant<\/p>\n<p>Que ce soit pour prendre soin de votre peau, pour favoriser votre bien-\u00eatre mental ou pour cr\u00e9er une atmosph\u00e8re purifi\u00e9e et \u00e9nergisante dans votre espace de vie, l&#8217;huile essentielle de niaouli est un incontournable de votre trousse de beaut\u00e9 et de bien-\u00eatre. Offrez-vous le pouvoir revitalisant de la nature avec cette huile pr\u00e9cieuse, et laissez-vous emporter par ses bienfaits r\u00e9g\u00e9n\u00e9rants \u00e0 chaque utilisation.<\/p>\n<p>Huile essentielle 100% naturelle, en flacon de 10 ml.<\/p>\n<p>&#8220;melaleuca vidiriflora&#8221;<\/p>\n<p>Pour la pr\u00e9paration de vos m\u00e9langes DIY<\/p>\n<p>toutes les voies d&#8217;administration sont possibles (voie orale, voie cutan\u00e9e, en inhalation)<\/p>\n","protected":false},"excerpt":{"rendered":"<p>D\u00e9couvrez les bienfaits revitalisants de l&#8217;huile essentielle de niaouli, un tr\u00e9sor de la nature aux multiples vertus th\u00e9rapeutiques, r\u00e9put\u00e9e pour ses propri\u00e9t\u00e9s purifiantes, apaisantes et tonifiantes pour la peau et l&#8217;esprit. L&#8217;huile de niaouli est un v\u00e9ritable alli\u00e9 pour une peau saine et \u00e9clatante. * stimulante, revigorante * antiseptique, antioxydant Que ce soit pour prendre &hellip; <\/p>\n<p class=\"link-more\"><a href=\"https:\/\/reikilahochi.com\/index.php\/produit\/niaouli-he\/\" class=\"more-link\">Continuer la lecture<span class=\"screen-reader-text\"> de &laquo;&nbsp;Niaouli (HE)&nbsp;&raquo;<\/span><\/a><\/p>\n","protected":false},"featured_media":200,"template":"","meta":[],"product_cat":[30],"product_tag":[],"class_list":{"0":"post-67","1":"product","2":"type-product","3":"status-publish","4":"has-post-thumbnail","6":"product_cat-huiles-essentielles-individuelles","8":"first","9":"instock","10":"taxable","11":"shipping-taxable","12":"purchasable","13":"product-type-simple"},"jetpack_sharing_enabled":true,"_links":{"self":[{"href":"https:\/\/reikilahochi.com\/index.php\/wp-json\/wp\/v2\/product\/67","targetHints":{"allow":["GET"]}}],"collection":[{"href":"https:\/\/reikilahochi.com\/index.php\/wp-json\/wp\/v2\/product"}],"about":[{"href":"https:\/\/reikilahochi.com\/index.php\/wp-json\/wp\/v2\/types\/product"}],"wp:featuredmedia":[{"embeddable":true,"href":"https:\/\/reikilahochi.com\/index.php\/wp-json\/wp\/v2\/media\/200"}],"wp:attachment":[{"href":"https:\/\/reikilahochi.com\/index.php\/wp-json\/wp\/v2\/media?parent=67"}],"wp:term":[{"taxonomy":"product_cat","embeddable":true,"href":"https:\/\/reikilahochi.com\/index.php\/wp-json\/wp\/v2\/product_cat?post=67"},{"taxonomy":"product_tag","embeddable":true,"href":"https:\/\/reikilahochi.com\/index.php\/wp-json\/wp\/v2\/product_tag?post=67"}],"curies":[{"name":"wp","href":"https:\/\/api.w.org\/{rel}","templated":true}]}}