{"id":673,"date":"2024-04-26T14:09:53","date_gmt":"2024-04-26T12:09:53","guid":{"rendered":"https:\/\/reikilahochi.com\/?post_type=product&#038;p=673"},"modified":"2024-04-26T16:21:24","modified_gmt":"2024-04-26T14:21:24","slug":"the-chai","status":"publish","type":"product","link":"https:\/\/reikilahochi.com\/index.php\/produit\/the-chai\/","title":{"rendered":"Th\u00e9 Chai"},"content":{"rendered":"<p>D\u00e9couvrez notre th\u00e9 chai, une exp\u00e9rience sensorielle captivante qui vous transporte au c\u0153ur des march\u00e9s anim\u00e9s de l&#8217;Inde, o\u00f9 les ar\u00f4mes envo\u00fbtants des \u00e9pices rencontrent la chaleur r\u00e9confortante du th\u00e9. Notre m\u00e9lange de th\u00e9 chai est une symphonie harmonieuse de saveurs exotiques et de parfums enivrants, con\u00e7u pour \u00e9veiller vos sens et vous transporter vers un voyage gustatif inoubliable.<\/p>\n<p>en sachet kraft herm\u00e9tique<\/p>\n","protected":false},"excerpt":{"rendered":"<p>D\u00e9couvrez notre th\u00e9 chai, une exp\u00e9rience sensorielle captivante qui vous transporte au c\u0153ur des march\u00e9s anim\u00e9s de l&#8217;Inde, o\u00f9 les ar\u00f4mes envo\u00fbtants des \u00e9pices rencontrent la chaleur r\u00e9confortante du th\u00e9. Notre m\u00e9lange de th\u00e9 chai est une symphonie harmonieuse de saveurs exotiques et de parfums enivrants, con\u00e7u pour \u00e9veiller vos sens et vous transporter vers &hellip; <\/p>\n<p class=\"link-more\"><a href=\"https:\/\/reikilahochi.com\/index.php\/produit\/the-chai\/\" class=\"more-link\">Continuer la lecture<span class=\"screen-reader-text\"> de &laquo;&nbsp;Th\u00e9 Chai&nbsp;&raquo;<\/span><\/a><\/p>\n","protected":false},"featured_media":672,"template":"","meta":[],"product_cat":[37],"product_tag":[],"class_list":{"0":"post-673","1":"product","2":"type-product","3":"status-publish","4":"has-post-thumbnail","6":"product_cat-thes","8":"first","9":"instock","10":"taxable","11":"shipping-taxable","12":"purchasable","13":"product-type-simple"},"jetpack_sharing_enabled":true,"_links":{"self":[{"href":"https:\/\/reikilahochi.com\/index.php\/wp-json\/wp\/v2\/product\/673","targetHints":{"allow":["GET"]}}],"collection":[{"href":"https:\/\/reikilahochi.com\/index.php\/wp-json\/wp\/v2\/product"}],"about":[{"href":"https:\/\/reikilahochi.com\/index.php\/wp-json\/wp\/v2\/types\/product"}],"wp:featuredmedia":[{"embeddable":true,"href":"https:\/\/reikilahochi.com\/index.php\/wp-json\/wp\/v2\/media\/672"}],"wp:attachment":[{"href":"https:\/\/reikilahochi.com\/index.php\/wp-json\/wp\/v2\/media?parent=673"}],"wp:term":[{"taxonomy":"product_cat","embeddable":true,"href":"https:\/\/reikilahochi.com\/index.php\/wp-json\/wp\/v2\/product_cat?post=673"},{"taxonomy":"product_tag","embeddable":true,"href":"https:\/\/reikilahochi.com\/index.php\/wp-json\/wp\/v2\/product_tag?post=673"}],"curies":[{"name":"wp","href":"https:\/\/api.w.org\/{rel}","templated":true}]}}