{"id":674,"date":"2024-04-26T14:10:46","date_gmt":"2024-04-26T12:10:46","guid":{"rendered":"https:\/\/reikilahochi.com\/?post_type=product&#038;p=674"},"modified":"2024-04-26T16:20:14","modified_gmt":"2024-04-26T14:20:14","slug":"the-de-noel","status":"publish","type":"product","link":"https:\/\/reikilahochi.com\/index.php\/produit\/the-de-noel\/","title":{"rendered":"Th\u00e9 de No\u00ebl"},"content":{"rendered":"<p>D\u00e9couvrez notre th\u00e9 de No\u00ebl, une potion enchant\u00e9e qui capture l&#8217;esprit chaleureux et festif des f\u00eates de fin d&#8217;ann\u00e9e dans chaque tasse. Inspir\u00e9 par la magie de la saison hivernale, notre th\u00e9 de No\u00ebl est un m\u00e9lange exquis de th\u00e9s fins et d&#8217;\u00e9pices aromatiques, sp\u00e9cialement con\u00e7u pour \u00e9veiller vos sens et \u00e9gayer vos moments de convivialit\u00e9.<\/p>\n<p>Plongez dans un tourbillon de saveurs r\u00e9confortantes avec notre th\u00e9 de No\u00ebl, o\u00f9 les notes riches et \u00e9pic\u00e9es de la cannelle, du clou de girofle et de la cardamome se m\u00ealent harmonieusement \u00e0 la douceur subtile de l&#8217;orange et du citron<\/p>\n<p>en sachet kraft herm\u00e9tique.<\/p>\n","protected":false},"excerpt":{"rendered":"<p>D\u00e9couvrez notre th\u00e9 de No\u00ebl, une potion enchant\u00e9e qui capture l&#8217;esprit chaleureux et festif des f\u00eates de fin d&#8217;ann\u00e9e dans chaque tasse. Inspir\u00e9 par la magie de la saison hivernale, notre th\u00e9 de No\u00ebl est un m\u00e9lange exquis de th\u00e9s fins et d&#8217;\u00e9pices aromatiques, sp\u00e9cialement con\u00e7u pour \u00e9veiller vos sens et \u00e9gayer vos moments de &hellip; <\/p>\n<p class=\"link-more\"><a href=\"https:\/\/reikilahochi.com\/index.php\/produit\/the-de-noel\/\" class=\"more-link\">Continuer la lecture<span class=\"screen-reader-text\"> de &laquo;&nbsp;Th\u00e9 de No\u00ebl&nbsp;&raquo;<\/span><\/a><\/p>\n","protected":false},"featured_media":670,"template":"","meta":[],"product_cat":[37],"product_tag":[],"class_list":{"0":"post-674","1":"product","2":"type-product","3":"status-publish","4":"has-post-thumbnail","6":"product_cat-thes","8":"first","9":"instock","10":"taxable","11":"shipping-taxable","12":"purchasable","13":"product-type-simple"},"jetpack_sharing_enabled":true,"_links":{"self":[{"href":"https:\/\/reikilahochi.com\/index.php\/wp-json\/wp\/v2\/product\/674","targetHints":{"allow":["GET"]}}],"collection":[{"href":"https:\/\/reikilahochi.com\/index.php\/wp-json\/wp\/v2\/product"}],"about":[{"href":"https:\/\/reikilahochi.com\/index.php\/wp-json\/wp\/v2\/types\/product"}],"wp:featuredmedia":[{"embeddable":true,"href":"https:\/\/reikilahochi.com\/index.php\/wp-json\/wp\/v2\/media\/670"}],"wp:attachment":[{"href":"https:\/\/reikilahochi.com\/index.php\/wp-json\/wp\/v2\/media?parent=674"}],"wp:term":[{"taxonomy":"product_cat","embeddable":true,"href":"https:\/\/reikilahochi.com\/index.php\/wp-json\/wp\/v2\/product_cat?post=674"},{"taxonomy":"product_tag","embeddable":true,"href":"https:\/\/reikilahochi.com\/index.php\/wp-json\/wp\/v2\/product_tag?post=674"}],"curies":[{"name":"wp","href":"https:\/\/api.w.org\/{rel}","templated":true}]}}