{"id":78,"date":"2024-03-24T16:24:30","date_gmt":"2024-03-24T15:24:30","guid":{"rendered":"https:\/\/reikilahochi.com\/?post_type=product&#038;p=78"},"modified":"2024-04-16T10:52:36","modified_gmt":"2024-04-16T08:52:36","slug":"bougie-bois-de-santal","status":"publish","type":"product","link":"https:\/\/reikilahochi.com\/index.php\/produit\/bougie-bois-de-santal\/","title":{"rendered":"Bougie Bois de santal"},"content":{"rendered":"<p>Bougie senteur BOIS DE SANTAL, une senteur classique et intemporelle appr\u00e9ci\u00e9e de tous.<\/p>\n<p>Parfum bois\u00e9, chaud et enveloppant, s\u00e9duisant durant la saison hivernale.<\/p>\n<p>en pot de 125 g , cire de soja 100% naturelle.<\/p>\n","protected":false},"excerpt":{"rendered":"<p>Bougie senteur BOIS DE SANTAL, une senteur classique et intemporelle appr\u00e9ci\u00e9e de tous. Parfum bois\u00e9, chaud et enveloppant, s\u00e9duisant durant la saison hivernale. en pot de 125 g , cire de soja 100% naturelle.<\/p>\n","protected":false},"featured_media":150,"template":"","meta":[],"product_cat":[34],"product_tag":[],"class_list":{"0":"post-78","1":"product","2":"type-product","3":"status-publish","4":"has-post-thumbnail","6":"product_cat-bougies-daromatherapie","8":"first","9":"instock","10":"taxable","11":"shipping-taxable","12":"purchasable","13":"product-type-simple"},"jetpack_sharing_enabled":true,"_links":{"self":[{"href":"https:\/\/reikilahochi.com\/index.php\/wp-json\/wp\/v2\/product\/78","targetHints":{"allow":["GET"]}}],"collection":[{"href":"https:\/\/reikilahochi.com\/index.php\/wp-json\/wp\/v2\/product"}],"about":[{"href":"https:\/\/reikilahochi.com\/index.php\/wp-json\/wp\/v2\/types\/product"}],"wp:featuredmedia":[{"embeddable":true,"href":"https:\/\/reikilahochi.com\/index.php\/wp-json\/wp\/v2\/media\/150"}],"wp:attachment":[{"href":"https:\/\/reikilahochi.com\/index.php\/wp-json\/wp\/v2\/media?parent=78"}],"wp:term":[{"taxonomy":"product_cat","embeddable":true,"href":"https:\/\/reikilahochi.com\/index.php\/wp-json\/wp\/v2\/product_cat?post=78"},{"taxonomy":"product_tag","embeddable":true,"href":"https:\/\/reikilahochi.com\/index.php\/wp-json\/wp\/v2\/product_tag?post=78"}],"curies":[{"name":"wp","href":"https:\/\/api.w.org\/{rel}","templated":true}]}}