{"id":79,"date":"2024-03-24T16:24:57","date_gmt":"2024-03-24T15:24:57","guid":{"rendered":"https:\/\/reikilahochi.com\/?post_type=product&#038;p=79"},"modified":"2024-04-26T10:45:26","modified_gmt":"2024-04-26T08:45:26","slug":"bougie-vetiver","status":"publish","type":"product","link":"https:\/\/reikilahochi.com\/index.php\/produit\/bougie-vetiver\/","title":{"rendered":"Bougie V\u00e9tiver"},"content":{"rendered":"<p>Bougie senteur VETIVER, bois\u00e9e, d\u00e9licate et subtile.<\/p>\n<p>Parfum \u00e9l\u00e9gant, intemporel, chaleureux. Merveilleux voyage olfactif pour LUI<\/p>\n<p>en pot de 125 g , cire de soja 100% naturelle.<\/p>\n","protected":false},"excerpt":{"rendered":"<p>Bougie senteur VETIVER, bois\u00e9e, d\u00e9licate et subtile. Parfum \u00e9l\u00e9gant, intemporel, chaleureux. Merveilleux voyage olfactif pour LUI en pot de 125 g , cire de soja 100% naturelle.<\/p>\n","protected":false},"featured_media":56,"template":"","meta":[],"product_cat":[34],"product_tag":[],"class_list":{"0":"post-79","1":"product","2":"type-product","3":"status-publish","4":"has-post-thumbnail","6":"product_cat-bougies-daromatherapie","8":"first","9":"instock","10":"taxable","11":"shipping-taxable","12":"purchasable","13":"product-type-simple"},"jetpack_sharing_enabled":true,"_links":{"self":[{"href":"https:\/\/reikilahochi.com\/index.php\/wp-json\/wp\/v2\/product\/79","targetHints":{"allow":["GET"]}}],"collection":[{"href":"https:\/\/reikilahochi.com\/index.php\/wp-json\/wp\/v2\/product"}],"about":[{"href":"https:\/\/reikilahochi.com\/index.php\/wp-json\/wp\/v2\/types\/product"}],"wp:featuredmedia":[{"embeddable":true,"href":"https:\/\/reikilahochi.com\/index.php\/wp-json\/wp\/v2\/media\/56"}],"wp:attachment":[{"href":"https:\/\/reikilahochi.com\/index.php\/wp-json\/wp\/v2\/media?parent=79"}],"wp:term":[{"taxonomy":"product_cat","embeddable":true,"href":"https:\/\/reikilahochi.com\/index.php\/wp-json\/wp\/v2\/product_cat?post=79"},{"taxonomy":"product_tag","embeddable":true,"href":"https:\/\/reikilahochi.com\/index.php\/wp-json\/wp\/v2\/product_tag?post=79"}],"curies":[{"name":"wp","href":"https:\/\/api.w.org\/{rel}","templated":true}]}}