{"id":80,"date":"2024-03-24T16:25:39","date_gmt":"2024-03-24T15:25:39","guid":{"rendered":"https:\/\/reikilahochi.com\/?post_type=product&#038;p=80"},"modified":"2024-04-21T15:29:46","modified_gmt":"2024-04-21T13:29:46","slug":"bougie-chakra-racine","status":"publish","type":"product","link":"https:\/\/reikilahochi.com\/index.php\/produit\/bougie-chakra-racine\/","title":{"rendered":"Bougie Chakra Racine (1)"},"content":{"rendered":"<p>Plongez dans un voyage de stabilit\u00e9 et d&#8217;enracinement avec nos bougies aux huiles essentielles sp\u00e9cialement con\u00e7ues pour \u00e9clairer et \u00e9quilibrer le premier chakra, le chakra racine, le fondement de notre ancrage et de notre connexion \u00e0 la terre, r\u00f4le important dans les instincts de survie.<\/p>\n<p>Chaque bougie est une fusion harmonieuse d&#8217;ingr\u00e9dients choisis avec soin pour leurs propri\u00e9t\u00e9s \u00e9nerg\u00e9tiques apaisantes et enracinantes. Infus\u00e9es d&#8217;huiles essentielles naturelles comme le c\u00e8dre, le patchouli et le v\u00e9tiver, nos bougies sont des compagnons id\u00e9aux pour vous aider \u00e0 trouver votre \u00e9quilibre int\u00e9rieur et \u00e0 renforcer votre sentiment de s\u00e9curit\u00e9 (parfums riches , bois\u00e9s, chaleureux)<br \/>\nAllumez nos bougies lors de vos pratiques de m\u00e9ditation, de relaxation ou simplement pour cr\u00e9er une ambiance chaleureuse et apaisante dans votre espace de vie. Laissez la lueur douce des flammes vous envelopper alors que vous vous connectez avec la terre sous vos pieds, trouvant votre centre et renouant avec votre force int\u00e9rieure.<\/p>\n<p>Nos bougies aux huiles essentielles pour le premier chakra racine ne sont pas seulement des objets d\u00e9coratifs &#8211; elles sont des outils puissants pour vous aider \u00e0 vous enraciner, \u00e0 trouver votre \u00e9quilibre et \u00e0 vous sentir en s\u00e9curit\u00e9 dans le monde qui vous entoure.<\/p>\n<p>Laissez leur lumi\u00e8re vous guider vers une vie remplie de stabilit\u00e9, de confiance et de connexion profonde avec la terre, un voyage sensoriel captivant et revitalisant pour retrouver force, puissance et ancrage.<\/p>\n","protected":false},"excerpt":{"rendered":"<p>Plongez dans un voyage de stabilit\u00e9 et d&#8217;enracinement avec nos bougies aux huiles essentielles sp\u00e9cialement con\u00e7ues pour \u00e9clairer et \u00e9quilibrer le premier chakra, le chakra racine, le fondement de notre ancrage et de notre connexion \u00e0 la terre, r\u00f4le important dans les instincts de survie. Chaque bougie est une fusion harmonieuse d&#8217;ingr\u00e9dients choisis avec soin &hellip; <\/p>\n<p class=\"link-more\"><a href=\"https:\/\/reikilahochi.com\/index.php\/produit\/bougie-chakra-racine\/\" class=\"more-link\">Continuer la lecture<span class=\"screen-reader-text\"> de &laquo;&nbsp;Bougie Chakra Racine (1)&nbsp;&raquo;<\/span><\/a><\/p>\n","protected":false},"featured_media":334,"template":"","meta":[],"product_cat":[35],"product_tag":[],"class_list":{"0":"post-80","1":"product","2":"type-product","3":"status-publish","4":"has-post-thumbnail","6":"product_cat-bougies-7-chakras","8":"first","9":"instock","10":"taxable","11":"shipping-taxable","12":"purchasable","13":"product-type-simple"},"jetpack_sharing_enabled":true,"_links":{"self":[{"href":"https:\/\/reikilahochi.com\/index.php\/wp-json\/wp\/v2\/product\/80","targetHints":{"allow":["GET"]}}],"collection":[{"href":"https:\/\/reikilahochi.com\/index.php\/wp-json\/wp\/v2\/product"}],"about":[{"href":"https:\/\/reikilahochi.com\/index.php\/wp-json\/wp\/v2\/types\/product"}],"wp:featuredmedia":[{"embeddable":true,"href":"https:\/\/reikilahochi.com\/index.php\/wp-json\/wp\/v2\/media\/334"}],"wp:attachment":[{"href":"https:\/\/reikilahochi.com\/index.php\/wp-json\/wp\/v2\/media?parent=80"}],"wp:term":[{"taxonomy":"product_cat","embeddable":true,"href":"https:\/\/reikilahochi.com\/index.php\/wp-json\/wp\/v2\/product_cat?post=80"},{"taxonomy":"product_tag","embeddable":true,"href":"https:\/\/reikilahochi.com\/index.php\/wp-json\/wp\/v2\/product_tag?post=80"}],"curies":[{"name":"wp","href":"https:\/\/api.w.org\/{rel}","templated":true}]}}