{"id":83,"date":"2024-03-24T16:26:49","date_gmt":"2024-03-24T15:26:49","guid":{"rendered":"https:\/\/reikilahochi.com\/?post_type=product&#038;p=83"},"modified":"2024-04-21T15:24:23","modified_gmt":"2024-04-21T13:24:23","slug":"bougie-chakra-plexus-solaire","status":"publish","type":"product","link":"https:\/\/reikilahochi.com\/index.php\/produit\/bougie-chakra-plexus-solaire\/","title":{"rendered":"Bougie Chakra Plexus Solaire (3)"},"content":{"rendered":"<p>Plongez dans un voyage d&#8217;\u00e9quilibre et de revitalisation avec nos bougies aux huiles essentielles sp\u00e9cialement con\u00e7ues pour \u00e9clairer et harmoniser le troisi\u00e8me chakra, le plexus solaire, centre de la confiance en soi, de la volont\u00e9 et du pouvoir personnel, &#8220;Je Veux&#8221;.<\/p>\n<p>Chaque bougie est une fusion d\u00e9licate d&#8217;ingr\u00e9dients s\u00e9lectionn\u00e9s avec soin pour leurs propri\u00e9t\u00e9s \u00e9nerg\u00e9tiques stimulantes et \u00e9quilibrantes. Infus\u00e9es d&#8217;huiles essentielles naturelles telles que le citron, le gingembre et la menthe poivr\u00e9e, nos bougies sont des alli\u00e9es puissantes pour stimuler votre \u00e9nergie int\u00e9rieure et renforcer votre confiance.<br \/>\nAllumez nos bougies pendant vos pratiques de m\u00e9ditation, vos s\u00e9ances de yoga ou simplement pour cr\u00e9er une ambiance chaleureuse et \u00e9nergisante dans votre espace de vie. Laissez la douce lueur des flammes illuminer votre chemin alors que vous vous connectez avec votre pouvoir int\u00e9rieur, affirmant votre volont\u00e9 et embrassant votre plein potentiel.<br \/>\nNos bougies aux huiles essentielles pour le troisi\u00e8me chakra plexus solaire ne sont pas seulement des \u00e9l\u00e9ments d\u00e9coratifs &#8211; elles sont des outils puissants pour \u00e9lever votre vibration et \u00e9quilibrer votre \u00eatre tout entier. Laissez leur lumi\u00e8re vous guider vers une vie remplie de confiance, de d\u00e9termination et de succ\u00e8s.<\/p>\n","protected":false},"excerpt":{"rendered":"<p>Plongez dans un voyage d&#8217;\u00e9quilibre et de revitalisation avec nos bougies aux huiles essentielles sp\u00e9cialement con\u00e7ues pour \u00e9clairer et harmoniser le troisi\u00e8me chakra, le plexus solaire, centre de la confiance en soi, de la volont\u00e9 et du pouvoir personnel, &#8220;Je Veux&#8221;. Chaque bougie est une fusion d\u00e9licate d&#8217;ingr\u00e9dients s\u00e9lectionn\u00e9s avec soin pour leurs propri\u00e9t\u00e9s \u00e9nerg\u00e9tiques &hellip; <\/p>\n<p class=\"link-more\"><a href=\"https:\/\/reikilahochi.com\/index.php\/produit\/bougie-chakra-plexus-solaire\/\" class=\"more-link\">Continuer la lecture<span class=\"screen-reader-text\"> de &laquo;&nbsp;Bougie Chakra Plexus Solaire (3)&nbsp;&raquo;<\/span><\/a><\/p>\n","protected":false},"featured_media":336,"template":"","meta":[],"product_cat":[35],"product_tag":[],"class_list":{"0":"post-83","1":"product","2":"type-product","3":"status-publish","4":"has-post-thumbnail","6":"product_cat-bougies-7-chakras","8":"first","9":"instock","10":"taxable","11":"shipping-taxable","12":"purchasable","13":"product-type-simple"},"jetpack_sharing_enabled":true,"_links":{"self":[{"href":"https:\/\/reikilahochi.com\/index.php\/wp-json\/wp\/v2\/product\/83","targetHints":{"allow":["GET"]}}],"collection":[{"href":"https:\/\/reikilahochi.com\/index.php\/wp-json\/wp\/v2\/product"}],"about":[{"href":"https:\/\/reikilahochi.com\/index.php\/wp-json\/wp\/v2\/types\/product"}],"wp:featuredmedia":[{"embeddable":true,"href":"https:\/\/reikilahochi.com\/index.php\/wp-json\/wp\/v2\/media\/336"}],"wp:attachment":[{"href":"https:\/\/reikilahochi.com\/index.php\/wp-json\/wp\/v2\/media?parent=83"}],"wp:term":[{"taxonomy":"product_cat","embeddable":true,"href":"https:\/\/reikilahochi.com\/index.php\/wp-json\/wp\/v2\/product_cat?post=83"},{"taxonomy":"product_tag","embeddable":true,"href":"https:\/\/reikilahochi.com\/index.php\/wp-json\/wp\/v2\/product_tag?post=83"}],"curies":[{"name":"wp","href":"https:\/\/api.w.org\/{rel}","templated":true}]}}