{"id":84,"date":"2024-03-24T16:36:18","date_gmt":"2024-03-24T15:36:18","guid":{"rendered":"https:\/\/reikilahochi.com\/?post_type=product&#038;p=84"},"modified":"2024-04-21T15:36:32","modified_gmt":"2024-04-21T13:36:32","slug":"bougie-chakra-coeur","status":"publish","type":"product","link":"https:\/\/reikilahochi.com\/index.php\/produit\/bougie-chakra-coeur\/","title":{"rendered":"Bougie Chakra Coeur (4)"},"content":{"rendered":"<p>Plongez dans une exp\u00e9rience de douceur et d&#8217;harmonie avec nos bougies aux huiles essentielles sp\u00e9cialement con\u00e7ues pour \u00e9clairer et \u00e9quilibrer le quatri\u00e8me chakra, le chakra du c\u0153ur, le centre de l&#8217;amour inconditionnel, de la compassion et de l&#8217;harmonie.<\/p>\n<p>Chaque bougie est une fusion d\u00e9licate d&#8217;ingr\u00e9dients choisis avec soin pour leurs propri\u00e9t\u00e9s \u00e9nerg\u00e9tiques r\u00e9confortantes et r\u00e9chauffantes. Infus\u00e9es d&#8217;huiles essentielles naturelles telles que la rose, le g\u00e9ranium et le bois de c\u00e8dre, nos bougies sont des compagnons parfaits pour ouvrir votre c\u0153ur, apaiser votre esprit et favoriser la connexion avec les autres et avec vous-m\u00eame.<\/p>\n<p>Allumez nos bougies lors de vos rituels de m\u00e9ditation, de moments de relaxation ou simplement pour cr\u00e9er une ambiance chaleureuse et aimante dans votre espace de vie. Laissez la lumi\u00e8re douce des flammes vous envelopper alors que vous vous connectez avec la douceur de votre c\u0153ur, permettant \u00e0 l&#8217;amour et \u00e0 la compassion de guider chaque instant de votre vie.<\/p>\n<p>Nos bougies aux huiles essentielles pour le quatri\u00e8me chakra du c\u0153ur ne sont pas seulement des objets d\u00e9coratifs &#8211; elles sont des outils puissants pour ouvrir votre c\u0153ur, gu\u00e9rir les blessures \u00e9motionnelles et cultiver des relations aimantes et harmonieuses. Laissez leur lumi\u00e8re vous guider vers une vie remplie d&#8217;amour, de compassion et d&#8217;unit\u00e9 avec le monde qui vous entoure, telle une \u00e9treinte chaleureuse et r\u00e9confortante.<\/p>\n","protected":false},"excerpt":{"rendered":"<p>Plongez dans une exp\u00e9rience de douceur et d&#8217;harmonie avec nos bougies aux huiles essentielles sp\u00e9cialement con\u00e7ues pour \u00e9clairer et \u00e9quilibrer le quatri\u00e8me chakra, le chakra du c\u0153ur, le centre de l&#8217;amour inconditionnel, de la compassion et de l&#8217;harmonie. Chaque bougie est une fusion d\u00e9licate d&#8217;ingr\u00e9dients choisis avec soin pour leurs propri\u00e9t\u00e9s \u00e9nerg\u00e9tiques r\u00e9confortantes et r\u00e9chauffantes. &hellip; <\/p>\n<p class=\"link-more\"><a href=\"https:\/\/reikilahochi.com\/index.php\/produit\/bougie-chakra-coeur\/\" class=\"more-link\">Continuer la lecture<span class=\"screen-reader-text\"> de &laquo;&nbsp;Bougie Chakra Coeur (4)&nbsp;&raquo;<\/span><\/a><\/p>\n","protected":false},"featured_media":337,"template":"","meta":[],"product_cat":[35],"product_tag":[],"class_list":{"0":"post-84","1":"product","2":"type-product","3":"status-publish","4":"has-post-thumbnail","6":"product_cat-bougies-7-chakras","8":"first","9":"instock","10":"taxable","11":"shipping-taxable","12":"purchasable","13":"product-type-simple"},"jetpack_sharing_enabled":true,"_links":{"self":[{"href":"https:\/\/reikilahochi.com\/index.php\/wp-json\/wp\/v2\/product\/84","targetHints":{"allow":["GET"]}}],"collection":[{"href":"https:\/\/reikilahochi.com\/index.php\/wp-json\/wp\/v2\/product"}],"about":[{"href":"https:\/\/reikilahochi.com\/index.php\/wp-json\/wp\/v2\/types\/product"}],"wp:featuredmedia":[{"embeddable":true,"href":"https:\/\/reikilahochi.com\/index.php\/wp-json\/wp\/v2\/media\/337"}],"wp:attachment":[{"href":"https:\/\/reikilahochi.com\/index.php\/wp-json\/wp\/v2\/media?parent=84"}],"wp:term":[{"taxonomy":"product_cat","embeddable":true,"href":"https:\/\/reikilahochi.com\/index.php\/wp-json\/wp\/v2\/product_cat?post=84"},{"taxonomy":"product_tag","embeddable":true,"href":"https:\/\/reikilahochi.com\/index.php\/wp-json\/wp\/v2\/product_tag?post=84"}],"curies":[{"name":"wp","href":"https:\/\/api.w.org\/{rel}","templated":true}]}}